{"id":970,"date":"2020-07-12T20:13:16","date_gmt":"2020-07-12T18:13:16","guid":{"rendered":"https:\/\/nordics.hitstergame.com\/?page_id=970"},"modified":"2022-08-01T00:47:40","modified_gmt":"2022-07-31T22:47:40","slug":"our-story","status":"publish","type":"page","link":"https:\/\/nordics.hitstergame.com\/is\/our-story\/","title":{"rendered":"um okkur"},"content":{"rendered":"<div data-elementor-type=\"wp-page\" data-elementor-id=\"970\" class=\"elementor elementor-970\" data-elementor-post-type=\"page\">\n\t\t\t\t\t\t<section class=\"elementor-section elementor-top-section elementor-element elementor-element-e2e4dad elementor-section-boxed elementor-section-height-default elementor-section-height-default\" data-id=\"e2e4dad\" data-element_type=\"section\" data-e-type=\"section\">\n\t\t\t\t\t\t<div class=\"elementor-container elementor-column-gap-default\">\n\t\t\t\t\t<div class=\"elementor-column elementor-col-100 elementor-top-column elementor-element elementor-element-5005d6c\" data-id=\"5005d6c\" data-element_type=\"column\" data-e-type=\"column\">\n\t\t\t<div class=\"elementor-widget-wrap elementor-element-populated\">\n\t\t\t\t\t\t<div class=\"elementor-element elementor-element-637d1fa elementor-widget elementor-widget-spacer\" data-id=\"637d1fa\" data-element_type=\"widget\" data-e-type=\"widget\" data-widget_type=\"spacer.default\">\n\t\t\t\t<div class=\"elementor-widget-container\">\n\t\t\t\t\t\t\t<div class=\"elementor-spacer\">\n\t\t\t<div class=\"elementor-spacer-inner\"><\/div>\n\t\t<\/div>\n\t\t\t\t\t\t<\/div>\n\t\t\t\t<\/div>\n\t\t\t\t\t<\/div>\n\t\t<\/div>\n\t\t\t\t\t<\/div>\n\t\t<\/section>\n\t\t\t\t<section class=\"elementor-section elementor-top-section elementor-element elementor-element-352a8ef elementor-section-stretched elementor-section-boxed elementor-section-height-default elementor-section-height-default\" data-id=\"352a8ef\" data-element_type=\"section\" data-e-type=\"section\" data-settings=\"{&quot;stretch_section&quot;:&quot;section-stretched&quot;}\">\n\t\t\t\t\t\t<div class=\"elementor-container elementor-column-gap-default\">\n\t\t\t\t\t<div class=\"elementor-column elementor-col-100 elementor-top-column elementor-element elementor-element-4bbe2c1\" data-id=\"4bbe2c1\" data-element_type=\"column\" data-e-type=\"column\">\n\t\t\t<div class=\"elementor-widget-wrap elementor-element-populated\">\n\t\t\t\t\t\t<div class=\"elementor-element elementor-element-9bf8b1c elementor-widget elementor-widget-heading\" data-id=\"9bf8b1c\" data-element_type=\"widget\" data-e-type=\"widget\" data-widget_type=\"heading.default\">\n\t\t\t\t<div class=\"elementor-widget-container\">\n\t\t\t\t\t<h2 class=\"elementor-heading-title elementor-size-default\">um okkur<\/h2>\t\t\t\t<\/div>\n\t\t\t\t<\/div>\n\t\t\t\t\t<\/div>\n\t\t<\/div>\n\t\t\t\t\t<\/div>\n\t\t<\/section>\n\t\t\t\t<section class=\"elementor-section elementor-top-section elementor-element elementor-element-feddeb3 elementor-section-stretched elementor-section-boxed elementor-section-height-default elementor-section-height-default\" data-id=\"feddeb3\" data-element_type=\"section\" data-e-type=\"section\" data-settings=\"{&quot;stretch_section&quot;:&quot;section-stretched&quot;}\">\n\t\t\t\t\t\t<div class=\"elementor-container elementor-column-gap-default\">\n\t\t\t\t\t<div class=\"elementor-column elementor-col-100 elementor-top-column elementor-element elementor-element-e99ca77\" data-id=\"e99ca77\" data-element_type=\"column\" data-e-type=\"column\">\n\t\t\t<div class=\"elementor-widget-wrap elementor-element-populated\">\n\t\t\t\t\t\t<div class=\"elementor-element elementor-element-825bc29 elementor-widget elementor-widget-text-editor\" data-id=\"825bc29\" data-element_type=\"widget\" data-e-type=\"widget\" data-widget_type=\"text-editor.default\">\n\t\t\t\t<div class=\"elementor-widget-container\">\n\t\t\t\t\t\t\t\t\t<p>SMELLUR er afsprengi af vins\u00e6la spilinu HITSTER.\nHITSTER er afur\u00f0 margra klukkustunda hugmyndavinnu, sk\u00f6punar og \u00e1r\u00e6\u00f0ni. Hugmyndin kvikkna\u00f0i sem part\u00fdleikur fyrir matarbo\u00f0 sumari\u00f0 2019 og hefur s\u00ed\u00f0an \u00fer\u00f3ast \u00ed \u00feetta einstaka t\u00f3nlistar part\u00fdspil.&nbsp;<\/p><p><br><\/p>\n<p><\/p>\n<p>HITSTER byrja\u00f0i vegfer\u00f0 s\u00edna \u00e1 <a href=\"https:\/\/www.kickstarter.com\/projects\/hitster\/hitster-the-digitally-integrated-music-card-game\" target=\"_blank\" rel=\"noopener\">Kickstarter<\/a> \u00ed Desember 2020 og var \u00fear fj\u00e1rmagna\u00f0 \u00e1 innan vi\u00f0 48 t\u00edmum. Spili\u00f0 er n\u00fa f\u00e1anlegt h\u00e9r \u00ed <a href=\"https:\/\/hitstergame.com\/shop\/\" target=\"_blank\" rel=\"noopener\">vefverslun<\/a>.<\/p><p><br><\/p>\n<p><\/p>\n<p><span style=\"font-weight: var( --e-global-typography-text-font-weight );\">Vi\u00f0 vonum a\u00f0 \u00fe\u00fa nj\u00f3tir a\u00f0 spila spili\u00f0!<\/span><\/p>\n<p>\/ SMELLS &amp; HITSTER teymi\u00f0<\/p>\t\t\t\t\t\t\t\t<\/div>\n\t\t\t\t<\/div>\n\t\t\t\t\t<\/div>\n\t\t<\/div>\n\t\t\t\t\t<\/div>\n\t\t<\/section>\n\t\t\t\t<\/div>","protected":false},"excerpt":{"rendered":"<p>Our story HITSTER is the product of hours of brainstorming, creativity, and determination. The project started as an idea for a dinner party game during the summer of 2019 and has since then evolved to become a truly unique music party game.&nbsp; We launched HITSTER on Kickstarter in December 2020 and it was successfully funded<a class=\"more-link\" href=\"https:\/\/nordics.hitstergame.com\/is\/our-story\/\">Continue reading <span class=\"screen-reader-text\">&#8220;Our story&#8221;<\/span><\/a><\/p>","protected":false},"author":176777244,"featured_media":0,"parent":0,"menu_order":0,"comment_status":"closed","ping_status":"closed","template":"elementor_header_footer","meta":{"_monsterinsights_skip_tracking":false,"_monsterinsights_sitenote_active":false,"_monsterinsights_sitenote_note":"","_monsterinsights_sitenote_category":0,"footnotes":""},"class_list":["post-970","page","type-page","status-publish","hentry","entry"],"jetpack_likes_enabled":false,"jetpack_sharing_enabled":true,"jetpack_shortlink":"https:\/\/wp.me\/PbwGVS-fE","_links":{"self":[{"href":"https:\/\/nordics.hitstergame.com\/is\/wp-json\/wp\/v2\/pages\/970","targetHints":{"allow":["GET"]}}],"collection":[{"href":"https:\/\/nordics.hitstergame.com\/is\/wp-json\/wp\/v2\/pages"}],"about":[{"href":"https:\/\/nordics.hitstergame.com\/is\/wp-json\/wp\/v2\/types\/page"}],"author":[{"embeddable":true,"href":"https:\/\/nordics.hitstergame.com\/is\/wp-json\/wp\/v2\/users\/176777244"}],"replies":[{"embeddable":true,"href":"https:\/\/nordics.hitstergame.com\/is\/wp-json\/wp\/v2\/comments?post=970"}],"version-history":[{"count":100,"href":"https:\/\/nordics.hitstergame.com\/is\/wp-json\/wp\/v2\/pages\/970\/revisions"}],"predecessor-version":[{"id":10659,"href":"https:\/\/nordics.hitstergame.com\/is\/wp-json\/wp\/v2\/pages\/970\/revisions\/10659"}],"wp:attachment":[{"href":"https:\/\/nordics.hitstergame.com\/is\/wp-json\/wp\/v2\/media?parent=970"}],"curies":[{"name":"wp","href":"https:\/\/api.w.org\/{rel}","templated":true}]}}