{"id":970,"date":"2020-07-12T20:13:16","date_gmt":"2020-07-12T18:13:16","guid":{"rendered":"https:\/\/nordics.hitstergame.com\/?page_id=970"},"modified":"2022-08-01T00:47:40","modified_gmt":"2022-07-31T22:47:40","slug":"our-story","status":"publish","type":"page","link":"https:\/\/nordics.hitstergame.com\/fi\/our-story\/","title":{"rendered":"TARINAMME"},"content":{"rendered":"<div data-elementor-type=\"wp-page\" data-elementor-id=\"970\" class=\"elementor elementor-970\" data-elementor-post-type=\"page\">\n\t\t\t\t\t\t<section class=\"elementor-section elementor-top-section elementor-element elementor-element-e2e4dad elementor-section-boxed elementor-section-height-default elementor-section-height-default\" data-id=\"e2e4dad\" data-element_type=\"section\" data-e-type=\"section\">\n\t\t\t\t\t\t<div class=\"elementor-container elementor-column-gap-default\">\n\t\t\t\t\t<div class=\"elementor-column elementor-col-100 elementor-top-column elementor-element elementor-element-5005d6c\" data-id=\"5005d6c\" data-element_type=\"column\" data-e-type=\"column\">\n\t\t\t<div class=\"elementor-widget-wrap elementor-element-populated\">\n\t\t\t\t\t\t<div class=\"elementor-element elementor-element-637d1fa elementor-widget elementor-widget-spacer\" data-id=\"637d1fa\" data-element_type=\"widget\" data-e-type=\"widget\" data-widget_type=\"spacer.default\">\n\t\t\t\t<div class=\"elementor-widget-container\">\n\t\t\t\t\t\t\t<div class=\"elementor-spacer\">\n\t\t\t<div class=\"elementor-spacer-inner\"><\/div>\n\t\t<\/div>\n\t\t\t\t\t\t<\/div>\n\t\t\t\t<\/div>\n\t\t\t\t\t<\/div>\n\t\t<\/div>\n\t\t\t\t\t<\/div>\n\t\t<\/section>\n\t\t\t\t<section class=\"elementor-section elementor-top-section elementor-element elementor-element-352a8ef elementor-section-stretched elementor-section-boxed elementor-section-height-default elementor-section-height-default\" data-id=\"352a8ef\" data-element_type=\"section\" data-e-type=\"section\" data-settings=\"{&quot;stretch_section&quot;:&quot;section-stretched&quot;}\">\n\t\t\t\t\t\t<div class=\"elementor-container elementor-column-gap-default\">\n\t\t\t\t\t<div class=\"elementor-column elementor-col-100 elementor-top-column elementor-element elementor-element-4bbe2c1\" data-id=\"4bbe2c1\" data-element_type=\"column\" data-e-type=\"column\">\n\t\t\t<div class=\"elementor-widget-wrap elementor-element-populated\">\n\t\t\t\t\t\t<div class=\"elementor-element elementor-element-9bf8b1c elementor-widget elementor-widget-heading\" data-id=\"9bf8b1c\" data-element_type=\"widget\" data-e-type=\"widget\" data-widget_type=\"heading.default\">\n\t\t\t\t<div class=\"elementor-widget-container\">\n\t\t\t\t\t<h2 class=\"elementor-heading-title elementor-size-default\">TARINAMME<\/h2>\t\t\t\t<\/div>\n\t\t\t\t<\/div>\n\t\t\t\t\t<\/div>\n\t\t<\/div>\n\t\t\t\t\t<\/div>\n\t\t<\/section>\n\t\t\t\t<section class=\"elementor-section elementor-top-section elementor-element elementor-element-feddeb3 elementor-section-stretched elementor-section-boxed elementor-section-height-default elementor-section-height-default\" data-id=\"feddeb3\" data-element_type=\"section\" data-e-type=\"section\" data-settings=\"{&quot;stretch_section&quot;:&quot;section-stretched&quot;}\">\n\t\t\t\t\t\t<div class=\"elementor-container elementor-column-gap-default\">\n\t\t\t\t\t<div class=\"elementor-column elementor-col-100 elementor-top-column elementor-element elementor-element-e99ca77\" data-id=\"e99ca77\" data-element_type=\"column\" data-e-type=\"column\">\n\t\t\t<div class=\"elementor-widget-wrap elementor-element-populated\">\n\t\t\t\t\t\t<div class=\"elementor-element elementor-element-825bc29 elementor-widget elementor-widget-text-editor\" data-id=\"825bc29\" data-element_type=\"widget\" data-e-type=\"widget\" data-widget_type=\"text-editor.default\">\n\t\t\t\t<div class=\"elementor-widget-container\">\n\t\t\t\t\t\t\t\t\t<p>HITSTER on tuntikausien ideoinnin, luovuuden ja p\u00e4\u00e4tt\u00e4v\u00e4isyyden tulos. Projekti alkoi illanistujaispelin ideasta kes\u00e4ll\u00e4 2019, ja siit\u00e4 on sittemmin kehittynyt todella ainutlaatuinen musiikkiseurapeli.&nbsp;<\/p><p><br><\/p>\n<p><\/p>\n<p>Lanseerasimme HITSTER-pelin <a href=\"https:\/\/www.kickstarter.com\/projects\/hitster\/hitster-the-digitally-integrated-music-card-game\" target=\"_blank\" rel=\"noopener\">Kickstarterissa<\/a> joulukuussa 2020, ja se rahoitettiin onnistuneesti 48 tunnissa. Nyt peli on saatavilla <a href=\"https:\/\/hitstergame.com\/shop\/\" target=\"_blank\" rel=\"noopener\">kaupasta<\/a>.<\/p><p><br><\/p>\n<p><\/p>\n<p><span style=\"font-weight: var( --e-global-typography-text-font-weight );\">Toivomme todella, ett\u00e4 pid\u00e4t siit\u00e4!<\/span><\/p>\n<p>\/HITSTER-tiimi<\/p>\t\t\t\t\t\t\t\t<\/div>\n\t\t\t\t<\/div>\n\t\t\t\t\t<\/div>\n\t\t<\/div>\n\t\t\t\t\t<\/div>\n\t\t<\/section>\n\t\t\t\t<\/div>","protected":false},"excerpt":{"rendered":"<p>Our story HITSTER is the product of hours of brainstorming, creativity, and determination. The project started as an idea for a dinner party game during the summer of 2019 and has since then evolved to become a truly unique music party game.&nbsp; We launched HITSTER on Kickstarter in December 2020 and it was successfully funded<a class=\"more-link\" href=\"https:\/\/nordics.hitstergame.com\/fi\/our-story\/\">Jatka lukemista <span class=\"screen-reader-text\">&#8220;Our story&#8221;<\/span><\/a><\/p>","protected":false},"author":176777244,"featured_media":0,"parent":0,"menu_order":0,"comment_status":"closed","ping_status":"closed","template":"elementor_header_footer","meta":{"_monsterinsights_skip_tracking":false,"_monsterinsights_sitenote_active":false,"_monsterinsights_sitenote_note":"","_monsterinsights_sitenote_category":0,"footnotes":""},"class_list":["post-970","page","type-page","status-publish","hentry","entry"],"jetpack_likes_enabled":false,"jetpack_sharing_enabled":true,"jetpack_shortlink":"https:\/\/wp.me\/PbwGVS-fE","_links":{"self":[{"href":"https:\/\/nordics.hitstergame.com\/fi\/wp-json\/wp\/v2\/pages\/970","targetHints":{"allow":["GET"]}}],"collection":[{"href":"https:\/\/nordics.hitstergame.com\/fi\/wp-json\/wp\/v2\/pages"}],"about":[{"href":"https:\/\/nordics.hitstergame.com\/fi\/wp-json\/wp\/v2\/types\/page"}],"author":[{"embeddable":true,"href":"https:\/\/nordics.hitstergame.com\/fi\/wp-json\/wp\/v2\/users\/176777244"}],"replies":[{"embeddable":true,"href":"https:\/\/nordics.hitstergame.com\/fi\/wp-json\/wp\/v2\/comments?post=970"}],"version-history":[{"count":100,"href":"https:\/\/nordics.hitstergame.com\/fi\/wp-json\/wp\/v2\/pages\/970\/revisions"}],"predecessor-version":[{"id":10659,"href":"https:\/\/nordics.hitstergame.com\/fi\/wp-json\/wp\/v2\/pages\/970\/revisions\/10659"}],"wp:attachment":[{"href":"https:\/\/nordics.hitstergame.com\/fi\/wp-json\/wp\/v2\/media?parent=970"}],"curies":[{"name":"wp","href":"https:\/\/api.w.org\/{rel}","templated":true}]}}